{"id":186,"date":"2021-01-04T18:13:24","date_gmt":"2021-01-04T18:13:24","guid":{"rendered":"https:\/\/fisiorunningmoncayo.com\/?page_id=186"},"modified":"2022-11-23T13:56:09","modified_gmt":"2022-11-23T12:56:09","slug":"psicologia","status":"publish","type":"page","link":"https:\/\/fisiorunningmoncayo.com\/?page_id=186","title":{"rendered":"Psicolog\u00eda"},"content":{"rendered":"\t\t<div data-elementor-type=\"wp-page\" data-elementor-id=\"186\" class=\"elementor elementor-186\">\n\t\t\t\t\t\t<section class=\"elementor-section elementor-top-section elementor-element elementor-element-c2d0fa8 elementor-section-stretched elementor-section-full_width elementor-section-height-min-height elementor-section-height-default elementor-section-items-middle\" data-id=\"c2d0fa8\" data-element_type=\"section\" data-settings=\"{&quot;stretch_section&quot;:&quot;section-stretched&quot;,&quot;background_background&quot;:&quot;classic&quot;}\">\n\t\t\t\t\t\t\t<div class=\"elementor-background-overlay\"><\/div>\n\t\t\t\t\t\t\t<div class=\"elementor-container elementor-column-gap-default\">\n\t\t\t\t\t<div class=\"elementor-column elementor-col-100 elementor-top-column elementor-element elementor-element-11b14a81\" data-id=\"11b14a81\" data-element_type=\"column\">\n\t\t\t<div class=\"elementor-widget-wrap elementor-element-populated\">\n\t\t\t\t\t\t<div class=\"elementor-element elementor-element-e363375 elementor-widget elementor-widget-heading\" data-id=\"e363375\" data-element_type=\"widget\" data-widget_type=\"heading.default\">\n\t\t\t\t<div class=\"elementor-widget-container\">\n\t\t\t\t\t<h1 class=\"elementor-heading-title elementor-size-xxl\">Psicolog\u00eda<\/h1>\t\t\t\t<\/div>\n\t\t\t\t<\/div>\n\t\t\t\t\t<\/div>\n\t\t<\/div>\n\t\t\t\t\t<\/div>\n\t\t<\/section>\n\t\t\t\t<section class=\"elementor-section elementor-top-section elementor-element elementor-element-10353704 elementor-section-full_width elementor-section-height-default elementor-section-height-default\" data-id=\"10353704\" data-element_type=\"section\">\n\t\t\t\t\t\t<div class=\"elementor-container elementor-column-gap-default\">\n\t\t\t\t\t<div class=\"elementor-column elementor-col-50 elementor-top-column elementor-element elementor-element-2133ebae\" data-id=\"2133ebae\" data-element_type=\"column\">\n\t\t\t<div class=\"elementor-widget-wrap elementor-element-populated\">\n\t\t\t\t\t\t<div class=\"elementor-element elementor-element-3bce5cb7 elementor-widget elementor-widget-image\" data-id=\"3bce5cb7\" data-element_type=\"widget\" data-widget_type=\"image.default\">\n\t\t\t\t<div class=\"elementor-widget-container\">\n\t\t\t\t\t\t\t\t\t\t\t\t\t\t\t<img fetchpriority=\"high\" decoding=\"async\" width=\"450\" height=\"450\" src=\"https:\/\/fisiorunningmoncayo.com\/wp-content\/uploads\/2021\/01\/antonio-1.png\" class=\"attachment-full size-full wp-image-473\" alt=\"\" srcset=\"https:\/\/fisiorunningmoncayo.com\/wp-content\/uploads\/2021\/01\/antonio-1.png 450w, https:\/\/fisiorunningmoncayo.com\/wp-content\/uploads\/2021\/01\/antonio-1-300x300.png 300w, https:\/\/fisiorunningmoncayo.com\/wp-content\/uploads\/2021\/01\/antonio-1-150x150.png 150w\" sizes=\"(max-width: 450px) 100vw, 450px\" \/>\t\t\t\t\t\t\t\t\t\t\t\t\t\t\t<\/div>\n\t\t\t\t<\/div>\n\t\t\t\t\t<\/div>\n\t\t<\/div>\n\t\t\t\t<div class=\"elementor-column elementor-col-50 elementor-top-column elementor-element elementor-element-18ef1bdc\" data-id=\"18ef1bdc\" data-element_type=\"column\">\n\t\t\t<div class=\"elementor-widget-wrap elementor-element-populated\">\n\t\t\t\t\t\t<div class=\"elementor-element elementor-element-71c57231 elementor-widget elementor-widget-heading\" data-id=\"71c57231\" data-element_type=\"widget\" data-widget_type=\"heading.default\">\n\t\t\t\t<div class=\"elementor-widget-container\">\n\t\t\t\t\t<h2 class=\"elementor-heading-title elementor-size-xl\">Antonio Ayuso Salazar\n<\/h2>\t\t\t\t<\/div>\n\t\t\t\t<\/div>\n\t\t\t\t<div class=\"elementor-element elementor-element-b51de41 elementor-widget elementor-widget-text-editor\" data-id=\"b51de41\" data-element_type=\"widget\" data-widget_type=\"text-editor.default\">\n\t\t\t\t<div class=\"elementor-widget-container\">\n\t\t\t\t\t\t\t\t\t<p><strong>Psic\u00f3logo<\/strong><\/p><p>La amplia trayectoria del psic\u00f3logo Antonio Ayuso Salazar le avala como un profesional formado y eficiente, especializado en la terapia cognitivo-conductual que ofrece apoyo y orientaci\u00f3n para superar los problemas.<br \/>Desde su consulta de psicol\u00f3gica en el Centro Fisiorunning Moncayo ofrece tratamiento especializado para adultos con problemas personales o emocionales delicados, involucr\u00e1ndose en conseguir una evaluaci\u00f3n que permita aplicar el tratamiento que d\u00e9 la mejor soluci\u00f3n para afrontar los problemas y superarlos.<\/p><p>Antonio Ayuso Salazar es especialista tambi\u00e9n en psicoterapia aplicada al periodo de transici\u00f3n del ser humano que va de la infancia a la adolescencia. Su conocimiento en la materia aplicado en numerosos casos, hacen de \u00e9l un referente en esta delicada materia. Deshacer los complejos y superar los traumas necesitan de la complicidad de un profesional involucrado en su trabajo.<\/p><p>La atenci\u00f3n psicol\u00f3gica que ofrece Ayuso Salazar abarca adem\u00e1s la complejidad de las relaciones de pareja, la psicolog\u00eda de familia, que necesita de la experiencia, del conocimiento y de la profesionalidad de un experto para concretar y analizar las causas y sobre todo afrontar con \u00e9xito su superaci\u00f3n.<br \/>Ayuso Salazar colabora habitualmente en medios de comunicaci\u00f3n de la provincia de Soria, aportando su conocimiento y ayudando a la divulgaci\u00f3n de temas considerados delicados, que necesitan de la reflexi\u00f3n por parte de la sociedad a la que se dirige.<\/p><p>N\u00ba de registro sanitario: 42-C22-0092<\/p>\t\t\t\t\t\t\t\t<\/div>\n\t\t\t\t<\/div>\n\t\t\t\t\t<\/div>\n\t\t<\/div>\n\t\t\t\t\t<\/div>\n\t\t<\/section>\n\t\t\t\t<section class=\"elementor-section elementor-top-section elementor-element elementor-element-15d82a1 elementor-section-stretched elementor-section-boxed elementor-section-height-default elementor-section-height-default\" data-id=\"15d82a1\" data-element_type=\"section\" data-settings=\"{&quot;stretch_section&quot;:&quot;section-stretched&quot;,&quot;background_background&quot;:&quot;classic&quot;,&quot;shape_divider_top&quot;:&quot;opacity-tilt&quot;,&quot;shape_divider_bottom&quot;:&quot;opacity-tilt&quot;}\">\n\t\t\t\t\t<div class=\"elementor-shape elementor-shape-top\" aria-hidden=\"true\" data-negative=\"false\">\n\t\t\t<svg xmlns=\"http:\/\/www.w3.org\/2000\/svg\" viewBox=\"0 0 2600 131.1\" preserveAspectRatio=\"none\">\n\t<path class=\"elementor-shape-fill\" d=\"M0 0L2600 0 2600 69.1 0 0z\"\/>\n\t<path class=\"elementor-shape-fill\" style=\"opacity:0.5\" d=\"M0 0L2600 0 2600 69.1 0 69.1z\"\/>\n\t<path class=\"elementor-shape-fill\" style=\"opacity:0.25\" d=\"M2600 0L0 0 0 130.1 2600 69.1z\"\/>\n<\/svg>\t\t<\/div>\n\t\t\t\t<div class=\"elementor-shape elementor-shape-bottom\" aria-hidden=\"true\" data-negative=\"false\">\n\t\t\t<svg xmlns=\"http:\/\/www.w3.org\/2000\/svg\" viewBox=\"0 0 2600 131.1\" preserveAspectRatio=\"none\">\n\t<path class=\"elementor-shape-fill\" d=\"M0 0L2600 0 2600 69.1 0 0z\"\/>\n\t<path class=\"elementor-shape-fill\" style=\"opacity:0.5\" d=\"M0 0L2600 0 2600 69.1 0 69.1z\"\/>\n\t<path class=\"elementor-shape-fill\" style=\"opacity:0.25\" d=\"M2600 0L0 0 0 130.1 2600 69.1z\"\/>\n<\/svg>\t\t<\/div>\n\t\t\t\t\t<div class=\"elementor-container elementor-column-gap-default\">\n\t\t\t\t\t<div class=\"elementor-column elementor-col-50 elementor-top-column elementor-element elementor-element-722dff08\" data-id=\"722dff08\" data-element_type=\"column\">\n\t\t\t<div class=\"elementor-widget-wrap elementor-element-populated\">\n\t\t\t\t\t\t<div class=\"elementor-element elementor-element-2e2dd632 elementor-widget elementor-widget-text-editor\" data-id=\"2e2dd632\" data-element_type=\"widget\" data-widget_type=\"text-editor.default\">\n\t\t\t\t<div class=\"elementor-widget-container\">\n\t\t\t\t\t\t\t\t\t<h4>Cita previa: 619 90 48 62<\/h4><h4>Horarios:<\/h4><ul><li><strong>Martes:<\/strong> de 16:00 a 21:00h<\/li><li><strong>Mi\u00e9rcoles: <\/strong>de 16:00 a 21:00h<\/li><li><strong>Jueves<\/strong>: de 16:00 a 21:00h<\/li><\/ul><div><h4>C\/ Navas de Tolosa 16. Soria<\/h4><\/div>\t\t\t\t\t\t\t\t<\/div>\n\t\t\t\t<\/div>\n\t\t\t\t\t<\/div>\n\t\t<\/div>\n\t\t\t\t<div class=\"elementor-column elementor-col-50 elementor-top-column elementor-element elementor-element-70bdc562\" data-id=\"70bdc562\" data-element_type=\"column\" data-settings=\"{&quot;background_background&quot;:&quot;classic&quot;}\">\n\t\t\t<div class=\"elementor-widget-wrap elementor-element-populated\">\n\t\t\t\t\t<div class=\"elementor-background-overlay\"><\/div>\n\t\t\t\t\t\t<div class=\"elementor-element elementor-element-27f8ed38 elementor-widget elementor-widget-heading\" data-id=\"27f8ed38\" data-element_type=\"widget\" data-widget_type=\"heading.default\">\n\t\t\t\t<div class=\"elementor-widget-container\">\n\t\t\t\t\t<h1 class=\"elementor-heading-title elementor-size-large\">Contacta por whatsapp<\/h1>\t\t\t\t<\/div>\n\t\t\t\t<\/div>\n\t\t\t\t<div class=\"elementor-element elementor-element-7b356347 elementor-view-default elementor-widget elementor-widget-icon\" data-id=\"7b356347\" data-element_type=\"widget\" data-widget_type=\"icon.default\">\n\t\t\t\t<div class=\"elementor-widget-container\">\n\t\t\t\t\t\t\t<div class=\"elementor-icon-wrapper\">\n\t\t\t<a class=\"elementor-icon\" href=\"https:\/\/api.whatsapp.com\/send?phone=+34630466711&#038;text=\u00a1Hola!%20me%20gustar\u00eda%20solicitar%20una%20cita.\">\n\t\t\t<i aria-hidden=\"true\" class=\"fab fa-whatsapp\"><\/i>\t\t\t<\/a>\n\t\t<\/div>\n\t\t\t\t\t\t<\/div>\n\t\t\t\t<\/div>\n\t\t\t\t\t<\/div>\n\t\t<\/div>\n\t\t\t\t\t<\/div>\n\t\t<\/section>\n\t\t\t\t<\/div>\n\t\t","protected":false},"excerpt":{"rendered":"<p>Psicolog\u00eda Antonio Ayuso Salazar Psic\u00f3logo La amplia trayectoria del psic\u00f3logo Antonio Ayuso Salazar le avala como un profesional formado y eficiente, especializado en la terapia cognitivo-conductual que ofrece apoyo y orientaci\u00f3n para superar los problemas.Desde su consulta de psicol\u00f3gica en el Centro Fisiorunning Moncayo ofrece tratamiento especializado para adultos con problemas personales o emocionales delicados, [&hellip;]<\/p>\n","protected":false},"author":1,"featured_media":0,"parent":0,"menu_order":0,"comment_status":"closed","ping_status":"closed","template":"","meta":{"_acf_changed":false,"footnotes":""},"class_list":["post-186","page","type-page","status-publish","hentry"],"acf":[],"_links":{"self":[{"href":"https:\/\/fisiorunningmoncayo.com\/index.php?rest_route=\/wp\/v2\/pages\/186","targetHints":{"allow":["GET"]}}],"collection":[{"href":"https:\/\/fisiorunningmoncayo.com\/index.php?rest_route=\/wp\/v2\/pages"}],"about":[{"href":"https:\/\/fisiorunningmoncayo.com\/index.php?rest_route=\/wp\/v2\/types\/page"}],"author":[{"embeddable":true,"href":"https:\/\/fisiorunningmoncayo.com\/index.php?rest_route=\/wp\/v2\/users\/1"}],"replies":[{"embeddable":true,"href":"https:\/\/fisiorunningmoncayo.com\/index.php?rest_route=%2Fwp%2Fv2%2Fcomments&post=186"}],"version-history":[{"count":37,"href":"https:\/\/fisiorunningmoncayo.com\/index.php?rest_route=\/wp\/v2\/pages\/186\/revisions"}],"predecessor-version":[{"id":663,"href":"https:\/\/fisiorunningmoncayo.com\/index.php?rest_route=\/wp\/v2\/pages\/186\/revisions\/663"}],"wp:attachment":[{"href":"https:\/\/fisiorunningmoncayo.com\/index.php?rest_route=%2Fwp%2Fv2%2Fmedia&parent=186"}],"curies":[{"name":"wp","href":"https:\/\/api.w.org\/{rel}","templated":true}]}}